{"id":287,"date":"2023-12-23T11:25:40","date_gmt":"2023-12-23T11:25:40","guid":{"rendered":"http:\/\/siltasgridas.lv\/?page_id=287"},"modified":"2023-12-24T10:07:56","modified_gmt":"2023-12-24T10:07:56","slug":"musdienigi-un-inovativi-celtniecibas-risinajumi-sadarbiba-ar-buvbaze-lv","status":"publish","type":"page","link":"https:\/\/siltasgridas.lv\/index.php\/tehnologijas\/musdienigi-un-inovativi-celtniecibas-risinajumi-sadarbiba-ar-buvbaze-lv\/","title":{"rendered":"\u201cM\u016bsdien\u012bgi un inovat\u012bvi celtniec\u012bbas risin\u0101jumi\u201d sadarb\u012bb\u0101 ar Buvbaze.lv."},"content":{"rendered":"\n<p>test test test test test<\/p>\n\n\n\n<p>\u0160is robots pied\u0101v\u0101 efekt\u012bvu un prec\u012bzu darbu, nodro\u0161inot ne tikai ietaup\u012bjumu laik\u0101, bet ar\u012b uzlabojot darba dro\u0161\u012bbu un kvalit\u0101ti. M\u016bsu m\u0113r\u0137is ir saglab\u0101t soli priek\u0161\u0101 tehnolo\u0123iju att\u012bst\u012bb\u0101, lai pied\u0101v\u0101tu klientiem modernas un efekt\u012bvas risin\u0101jumus b\u016bvniec\u012bb\u0101.<\/p>\n\n\n\n<p>\u0160is robots ir m\u016bsu jaun\u0101kais solis uz priek\u0161u tehnolo\u0123iskaj\u0101 att\u012bst\u012bb\u0101 un b\u016bvniec\u012bbas efektivit\u0101t\u0113. T\u0101 kompaktais dizains un iesp\u0113ja str\u0101d\u0101t patst\u0101v\u012bgi, pie\u0146emot prec\u012bzas komandas, dod mums lielisku elast\u012bbu un \u0101trumu projektu izpild\u0113. Tas ne tikai ietaupa laiku un resursus, bet ar\u012b mazina cilv\u0113ku darba slodzi, uzlabojot darba apst\u0101k\u013cus un samazinot potenci\u0101l\u0101s risku situ\u0101cijas.<\/p>\n","protected":false},"excerpt":{"rendered":"test test test test test \u0160is robots pied\u0101v\u0101 efekt\u012bvu un prec\u012bzu darbu, nodro\u0161inot ne tikai ietaup\u012bjumu laik\u0101, bet ar\u012b uzlabojot darba dro\u0161\u012bbu un kvalit\u0101ti. M\u016bsu m\u0113r\u0137is ir saglab\u0101t soli priek\u0161\u0101 tehnolo\u0123iju att\u012bst\u012bb\u0101, lai pied\u0101v\u0101tu klientiem modernas un efekt\u012bvas risin\u0101jumus b\u016bvniec\u012bb\u0101. \u0160is robots ir m\u016bsu jaun\u0101kais solis uz priek\u0161u tehnolo\u0123iskaj\u0101 att\u012bst\u012bb\u0101 un b\u016bvniec\u012bbas efektivit\u0101t\u0113. T\u0101 kompaktais [&hellip;]","protected":false},"author":1,"featured_media":0,"parent":27,"menu_order":0,"comment_status":"closed","ping_status":"closed","template":"page-template\/tehnology-posts.php","meta":{"_acf_changed":false,"_monsterinsights_skip_tracking":false,"_monsterinsights_sitenote_active":false,"_monsterinsights_sitenote_note":"","_monsterinsights_sitenote_category":0,"footnotes":""},"class_list":["post-287","page","type-page","status-publish","hentry"],"acf":[],"yoast_head":"<!-- This site is optimized with the Yoast SEO plugin v22.7 - https:\/\/yoast.com\/wordpress\/plugins\/seo\/ -->\n<title>\u201cM\u016bsdien\u012bgi un inovat\u012bvi celtniec\u012bbas risin\u0101jumi\u201d sadarb\u012bb\u0101 ar Buvbaze.lv. - Silt\u0101s Gr\u012bdas<\/title>\n<meta name=\"robots\" content=\"index, follow, max-snippet:-1, max-image-preview:large, max-video-preview:-1\" \/>\n<link rel=\"canonical\" href=\"https:\/\/siltasgridas.lv\/index.php\/tehnologijas\/musdienigi-un-inovativi-celtniecibas-risinajumi-sadarbiba-ar-buvbaze-lv\/\" \/>\n<meta property=\"og:locale\" content=\"en_US\" \/>\n<meta property=\"og:type\" content=\"article\" \/>\n<meta property=\"og:title\" content=\"\u201cM\u016bsdien\u012bgi un inovat\u012bvi celtniec\u012bbas risin\u0101jumi\u201d sadarb\u012bb\u0101 ar Buvbaze.lv. - Silt\u0101s Gr\u012bdas\" \/>\n<meta property=\"og:description\" content=\"test test test test test \u0160is robots pied\u0101v\u0101 efekt\u012bvu un prec\u012bzu darbu, nodro\u0161inot ne tikai ietaup\u012bjumu laik\u0101, bet ar\u012b uzlabojot darba dro\u0161\u012bbu un kvalit\u0101ti. M\u016bsu m\u0113r\u0137is ir saglab\u0101t soli priek\u0161\u0101 tehnolo\u0123iju att\u012bst\u012bb\u0101, lai pied\u0101v\u0101tu klientiem modernas un efekt\u012bvas risin\u0101jumus b\u016bvniec\u012bb\u0101. \u0160is robots ir m\u016bsu jaun\u0101kais solis uz priek\u0161u tehnolo\u0123iskaj\u0101 att\u012bst\u012bb\u0101 un b\u016bvniec\u012bbas efektivit\u0101t\u0113. T\u0101 kompaktais [&hellip;]\" \/>\n<meta property=\"og:url\" content=\"https:\/\/siltasgridas.lv\/index.php\/tehnologijas\/musdienigi-un-inovativi-celtniecibas-risinajumi-sadarbiba-ar-buvbaze-lv\/\" \/>\n<meta property=\"og:site_name\" content=\"Silt\u0101s Gr\u012bdas\" \/>\n<meta property=\"article:modified_time\" content=\"2023-12-24T10:07:56+00:00\" \/>\n<meta name=\"twitter:card\" content=\"summary_large_image\" \/>\n<meta name=\"twitter:label1\" content=\"Est. reading time\" \/>\n\t<meta name=\"twitter:data1\" content=\"1 minute\" \/>\n<script type=\"application\/ld+json\" class=\"yoast-schema-graph\">{\"@context\":\"https:\/\/schema.org\",\"@graph\":[{\"@type\":\"WebPage\",\"@id\":\"https:\/\/siltasgridas.lv\/index.php\/tehnologijas\/musdienigi-un-inovativi-celtniecibas-risinajumi-sadarbiba-ar-buvbaze-lv\/\",\"url\":\"https:\/\/siltasgridas.lv\/index.php\/tehnologijas\/musdienigi-un-inovativi-celtniecibas-risinajumi-sadarbiba-ar-buvbaze-lv\/\",\"name\":\"\u201cM\u016bsdien\u012bgi un inovat\u012bvi celtniec\u012bbas risin\u0101jumi\u201d sadarb\u012bb\u0101 ar Buvbaze.lv. - Silt\u0101s Gr\u012bdas\",\"isPartOf\":{\"@id\":\"https:\/\/siltasgridas.lv\/#website\"},\"datePublished\":\"2023-12-23T11:25:40+00:00\",\"dateModified\":\"2023-12-24T10:07:56+00:00\",\"breadcrumb\":{\"@id\":\"https:\/\/siltasgridas.lv\/index.php\/tehnologijas\/musdienigi-un-inovativi-celtniecibas-risinajumi-sadarbiba-ar-buvbaze-lv\/#breadcrumb\"},\"inLanguage\":\"en-US\",\"potentialAction\":[{\"@type\":\"ReadAction\",\"target\":[\"https:\/\/siltasgridas.lv\/index.php\/tehnologijas\/musdienigi-un-inovativi-celtniecibas-risinajumi-sadarbiba-ar-buvbaze-lv\/\"]}]},{\"@type\":\"BreadcrumbList\",\"@id\":\"https:\/\/siltasgridas.lv\/index.php\/tehnologijas\/musdienigi-un-inovativi-celtniecibas-risinajumi-sadarbiba-ar-buvbaze-lv\/#breadcrumb\",\"itemListElement\":[{\"@type\":\"ListItem\",\"position\":1,\"name\":\"Home\",\"item\":\"https:\/\/siltasgridas.lv\/\"},{\"@type\":\"ListItem\",\"position\":2,\"name\":\"Tehnolo\u0123ijas\",\"item\":\"https:\/\/siltasgridas.lv\/index.php\/tehnologijas\/\"},{\"@type\":\"ListItem\",\"position\":3,\"name\":\"\u201cM\u016bsdien\u012bgi un inovat\u012bvi celtniec\u012bbas risin\u0101jumi\u201d sadarb\u012bb\u0101 ar Buvbaze.lv.\"}]},{\"@type\":\"WebSite\",\"@id\":\"https:\/\/siltasgridas.lv\/#website\",\"url\":\"https:\/\/siltasgridas.lv\/\",\"name\":\"Silt\u0101s Gr\u012bdas\",\"description\":\"\",\"publisher\":{\"@id\":\"https:\/\/siltasgridas.lv\/#organization\"},\"potentialAction\":[{\"@type\":\"SearchAction\",\"target\":{\"@type\":\"EntryPoint\",\"urlTemplate\":\"https:\/\/siltasgridas.lv\/?s={search_term_string}\"},\"query-input\":\"required name=search_term_string\"}],\"inLanguage\":\"en-US\"},{\"@type\":\"Organization\",\"@id\":\"https:\/\/siltasgridas.lv\/#organization\",\"name\":\"Silt\u0101s Gr\u012bdas\",\"url\":\"https:\/\/siltasgridas.lv\/\",\"logo\":{\"@type\":\"ImageObject\",\"inLanguage\":\"en-US\",\"@id\":\"https:\/\/siltasgridas.lv\/#\/schema\/logo\/image\/\",\"url\":\"http:\/\/siltasgridas.lv\/wp-content\/uploads\/2023\/11\/Siltas-gridas-logo_horizontal-1.svg\",\"contentUrl\":\"http:\/\/siltasgridas.lv\/wp-content\/uploads\/2023\/11\/Siltas-gridas-logo_horizontal-1.svg\",\"width\":1,\"height\":1,\"caption\":\"Silt\u0101s Gr\u012bdas\"},\"image\":{\"@id\":\"https:\/\/siltasgridas.lv\/#\/schema\/logo\/image\/\"}}]}<\/script>\n<!-- \/ Yoast SEO plugin. -->","yoast_head_json":{"title":"\u201cM\u016bsdien\u012bgi un inovat\u012bvi celtniec\u012bbas risin\u0101jumi\u201d sadarb\u012bb\u0101 ar Buvbaze.lv. - Silt\u0101s Gr\u012bdas","robots":{"index":"index","follow":"follow","max-snippet":"max-snippet:-1","max-image-preview":"max-image-preview:large","max-video-preview":"max-video-preview:-1"},"canonical":"https:\/\/siltasgridas.lv\/index.php\/tehnologijas\/musdienigi-un-inovativi-celtniecibas-risinajumi-sadarbiba-ar-buvbaze-lv\/","og_locale":"en_US","og_type":"article","og_title":"\u201cM\u016bsdien\u012bgi un inovat\u012bvi celtniec\u012bbas risin\u0101jumi\u201d sadarb\u012bb\u0101 ar Buvbaze.lv. - Silt\u0101s Gr\u012bdas","og_description":"test test test test test \u0160is robots pied\u0101v\u0101 efekt\u012bvu un prec\u012bzu darbu, nodro\u0161inot ne tikai ietaup\u012bjumu laik\u0101, bet ar\u012b uzlabojot darba dro\u0161\u012bbu un kvalit\u0101ti. M\u016bsu m\u0113r\u0137is ir saglab\u0101t soli priek\u0161\u0101 tehnolo\u0123iju att\u012bst\u012bb\u0101, lai pied\u0101v\u0101tu klientiem modernas un efekt\u012bvas risin\u0101jumus b\u016bvniec\u012bb\u0101. \u0160is robots ir m\u016bsu jaun\u0101kais solis uz priek\u0161u tehnolo\u0123iskaj\u0101 att\u012bst\u012bb\u0101 un b\u016bvniec\u012bbas efektivit\u0101t\u0113. T\u0101 kompaktais [&hellip;]","og_url":"https:\/\/siltasgridas.lv\/index.php\/tehnologijas\/musdienigi-un-inovativi-celtniecibas-risinajumi-sadarbiba-ar-buvbaze-lv\/","og_site_name":"Silt\u0101s Gr\u012bdas","article_modified_time":"2023-12-24T10:07:56+00:00","twitter_card":"summary_large_image","twitter_misc":{"Est. reading time":"1 minute"},"schema":{"@context":"https:\/\/schema.org","@graph":[{"@type":"WebPage","@id":"https:\/\/siltasgridas.lv\/index.php\/tehnologijas\/musdienigi-un-inovativi-celtniecibas-risinajumi-sadarbiba-ar-buvbaze-lv\/","url":"https:\/\/siltasgridas.lv\/index.php\/tehnologijas\/musdienigi-un-inovativi-celtniecibas-risinajumi-sadarbiba-ar-buvbaze-lv\/","name":"\u201cM\u016bsdien\u012bgi un inovat\u012bvi celtniec\u012bbas risin\u0101jumi\u201d sadarb\u012bb\u0101 ar Buvbaze.lv. - Silt\u0101s Gr\u012bdas","isPartOf":{"@id":"https:\/\/siltasgridas.lv\/#website"},"datePublished":"2023-12-23T11:25:40+00:00","dateModified":"2023-12-24T10:07:56+00:00","breadcrumb":{"@id":"https:\/\/siltasgridas.lv\/index.php\/tehnologijas\/musdienigi-un-inovativi-celtniecibas-risinajumi-sadarbiba-ar-buvbaze-lv\/#breadcrumb"},"inLanguage":"en-US","potentialAction":[{"@type":"ReadAction","target":["https:\/\/siltasgridas.lv\/index.php\/tehnologijas\/musdienigi-un-inovativi-celtniecibas-risinajumi-sadarbiba-ar-buvbaze-lv\/"]}]},{"@type":"BreadcrumbList","@id":"https:\/\/siltasgridas.lv\/index.php\/tehnologijas\/musdienigi-un-inovativi-celtniecibas-risinajumi-sadarbiba-ar-buvbaze-lv\/#breadcrumb","itemListElement":[{"@type":"ListItem","position":1,"name":"Home","item":"https:\/\/siltasgridas.lv\/"},{"@type":"ListItem","position":2,"name":"Tehnolo\u0123ijas","item":"https:\/\/siltasgridas.lv\/index.php\/tehnologijas\/"},{"@type":"ListItem","position":3,"name":"\u201cM\u016bsdien\u012bgi un inovat\u012bvi celtniec\u012bbas risin\u0101jumi\u201d sadarb\u012bb\u0101 ar Buvbaze.lv."}]},{"@type":"WebSite","@id":"https:\/\/siltasgridas.lv\/#website","url":"https:\/\/siltasgridas.lv\/","name":"Silt\u0101s Gr\u012bdas","description":"","publisher":{"@id":"https:\/\/siltasgridas.lv\/#organization"},"potentialAction":[{"@type":"SearchAction","target":{"@type":"EntryPoint","urlTemplate":"https:\/\/siltasgridas.lv\/?s={search_term_string}"},"query-input":"required name=search_term_string"}],"inLanguage":"en-US"},{"@type":"Organization","@id":"https:\/\/siltasgridas.lv\/#organization","name":"Silt\u0101s Gr\u012bdas","url":"https:\/\/siltasgridas.lv\/","logo":{"@type":"ImageObject","inLanguage":"en-US","@id":"https:\/\/siltasgridas.lv\/#\/schema\/logo\/image\/","url":"http:\/\/siltasgridas.lv\/wp-content\/uploads\/2023\/11\/Siltas-gridas-logo_horizontal-1.svg","contentUrl":"http:\/\/siltasgridas.lv\/wp-content\/uploads\/2023\/11\/Siltas-gridas-logo_horizontal-1.svg","width":1,"height":1,"caption":"Silt\u0101s Gr\u012bdas"},"image":{"@id":"https:\/\/siltasgridas.lv\/#\/schema\/logo\/image\/"}}]}},"_links":{"self":[{"href":"https:\/\/siltasgridas.lv\/index.php\/wp-json\/wp\/v2\/pages\/287"}],"collection":[{"href":"https:\/\/siltasgridas.lv\/index.php\/wp-json\/wp\/v2\/pages"}],"about":[{"href":"https:\/\/siltasgridas.lv\/index.php\/wp-json\/wp\/v2\/types\/page"}],"author":[{"embeddable":true,"href":"https:\/\/siltasgridas.lv\/index.php\/wp-json\/wp\/v2\/users\/1"}],"replies":[{"embeddable":true,"href":"https:\/\/siltasgridas.lv\/index.php\/wp-json\/wp\/v2\/comments?post=287"}],"version-history":[{"count":3,"href":"https:\/\/siltasgridas.lv\/index.php\/wp-json\/wp\/v2\/pages\/287\/revisions"}],"predecessor-version":[{"id":294,"href":"https:\/\/siltasgridas.lv\/index.php\/wp-json\/wp\/v2\/pages\/287\/revisions\/294"}],"up":[{"embeddable":true,"href":"https:\/\/siltasgridas.lv\/index.php\/wp-json\/wp\/v2\/pages\/27"}],"wp:attachment":[{"href":"https:\/\/siltasgridas.lv\/index.php\/wp-json\/wp\/v2\/media?parent=287"}],"curies":[{"name":"wp","href":"https:\/\/api.w.org\/{rel}","templated":true}]}}