{"id":284,"date":"2023-12-23T11:25:13","date_gmt":"2023-12-23T11:25:13","guid":{"rendered":"http:\/\/siltasgridas.lv\/?page_id=284"},"modified":"2023-12-23T11:25:14","modified_gmt":"2023-12-23T11:25:14","slug":"energy-globe-vides-ilgtspejas-balva","status":"publish","type":"page","link":"https:\/\/siltasgridas.lv\/index.php\/tehnologijas\/energy-globe-vides-ilgtspejas-balva\/","title":{"rendered":"Energy Globe vides ilgtsp\u0113jas balva"},"content":{"rendered":"","protected":false},"excerpt":{"rendered":"","protected":false},"author":1,"featured_media":0,"parent":27,"menu_order":0,"comment_status":"closed","ping_status":"closed","template":"page-template\/tehnology-posts.php","meta":{"_acf_changed":false,"_monsterinsights_skip_tracking":false,"_monsterinsights_sitenote_active":false,"_monsterinsights_sitenote_note":"","_monsterinsights_sitenote_category":0,"footnotes":""},"class_list":["post-284","page","type-page","status-publish","hentry"],"acf":[],"yoast_head":"<!-- This site is optimized with the Yoast SEO plugin v22.7 - https:\/\/yoast.com\/wordpress\/plugins\/seo\/ -->\n<title>Energy Globe vides ilgtsp\u0113jas balva - Silt\u0101s Gr\u012bdas<\/title>\n<meta name=\"robots\" content=\"index, follow, max-snippet:-1, max-image-preview:large, max-video-preview:-1\" \/>\n<link rel=\"canonical\" href=\"https:\/\/siltasgridas.lv\/index.php\/tehnologijas\/energy-globe-vides-ilgtspejas-balva\/\" \/>\n<meta property=\"og:locale\" content=\"en_US\" \/>\n<meta property=\"og:type\" content=\"article\" \/>\n<meta property=\"og:title\" content=\"Energy Globe vides ilgtsp\u0113jas balva - Silt\u0101s Gr\u012bdas\" \/>\n<meta property=\"og:url\" content=\"https:\/\/siltasgridas.lv\/index.php\/tehnologijas\/energy-globe-vides-ilgtspejas-balva\/\" \/>\n<meta property=\"og:site_name\" content=\"Silt\u0101s Gr\u012bdas\" \/>\n<meta property=\"article:modified_time\" content=\"2023-12-23T11:25:14+00:00\" \/>\n<meta name=\"twitter:card\" content=\"summary_large_image\" \/>\n<script type=\"application\/ld+json\" class=\"yoast-schema-graph\">{\"@context\":\"https:\/\/schema.org\",\"@graph\":[{\"@type\":\"WebPage\",\"@id\":\"https:\/\/siltasgridas.lv\/index.php\/tehnologijas\/energy-globe-vides-ilgtspejas-balva\/\",\"url\":\"https:\/\/siltasgridas.lv\/index.php\/tehnologijas\/energy-globe-vides-ilgtspejas-balva\/\",\"name\":\"Energy Globe vides ilgtsp\u0113jas balva - Silt\u0101s Gr\u012bdas\",\"isPartOf\":{\"@id\":\"https:\/\/siltasgridas.lv\/#website\"},\"datePublished\":\"2023-12-23T11:25:13+00:00\",\"dateModified\":\"2023-12-23T11:25:14+00:00\",\"breadcrumb\":{\"@id\":\"https:\/\/siltasgridas.lv\/index.php\/tehnologijas\/energy-globe-vides-ilgtspejas-balva\/#breadcrumb\"},\"inLanguage\":\"en-US\",\"potentialAction\":[{\"@type\":\"ReadAction\",\"target\":[\"https:\/\/siltasgridas.lv\/index.php\/tehnologijas\/energy-globe-vides-ilgtspejas-balva\/\"]}]},{\"@type\":\"BreadcrumbList\",\"@id\":\"https:\/\/siltasgridas.lv\/index.php\/tehnologijas\/energy-globe-vides-ilgtspejas-balva\/#breadcrumb\",\"itemListElement\":[{\"@type\":\"ListItem\",\"position\":1,\"name\":\"Home\",\"item\":\"https:\/\/siltasgridas.lv\/\"},{\"@type\":\"ListItem\",\"position\":2,\"name\":\"Tehnolo\u0123ijas\",\"item\":\"https:\/\/siltasgridas.lv\/index.php\/tehnologijas\/\"},{\"@type\":\"ListItem\",\"position\":3,\"name\":\"Energy Globe vides ilgtsp\u0113jas balva\"}]},{\"@type\":\"WebSite\",\"@id\":\"https:\/\/siltasgridas.lv\/#website\",\"url\":\"https:\/\/siltasgridas.lv\/\",\"name\":\"Silt\u0101s Gr\u012bdas\",\"description\":\"\",\"publisher\":{\"@id\":\"https:\/\/siltasgridas.lv\/#organization\"},\"potentialAction\":[{\"@type\":\"SearchAction\",\"target\":{\"@type\":\"EntryPoint\",\"urlTemplate\":\"https:\/\/siltasgridas.lv\/?s={search_term_string}\"},\"query-input\":\"required name=search_term_string\"}],\"inLanguage\":\"en-US\"},{\"@type\":\"Organization\",\"@id\":\"https:\/\/siltasgridas.lv\/#organization\",\"name\":\"Silt\u0101s Gr\u012bdas\",\"url\":\"https:\/\/siltasgridas.lv\/\",\"logo\":{\"@type\":\"ImageObject\",\"inLanguage\":\"en-US\",\"@id\":\"https:\/\/siltasgridas.lv\/#\/schema\/logo\/image\/\",\"url\":\"http:\/\/siltasgridas.lv\/wp-content\/uploads\/2023\/11\/Siltas-gridas-logo_horizontal-1.svg\",\"contentUrl\":\"http:\/\/siltasgridas.lv\/wp-content\/uploads\/2023\/11\/Siltas-gridas-logo_horizontal-1.svg\",\"width\":1,\"height\":1,\"caption\":\"Silt\u0101s Gr\u012bdas\"},\"image\":{\"@id\":\"https:\/\/siltasgridas.lv\/#\/schema\/logo\/image\/\"}}]}<\/script>\n<!-- \/ Yoast SEO plugin. -->","yoast_head_json":{"title":"Energy Globe vides ilgtsp\u0113jas balva - Silt\u0101s Gr\u012bdas","robots":{"index":"index","follow":"follow","max-snippet":"max-snippet:-1","max-image-preview":"max-image-preview:large","max-video-preview":"max-video-preview:-1"},"canonical":"https:\/\/siltasgridas.lv\/index.php\/tehnologijas\/energy-globe-vides-ilgtspejas-balva\/","og_locale":"en_US","og_type":"article","og_title":"Energy Globe vides ilgtsp\u0113jas balva - Silt\u0101s Gr\u012bdas","og_url":"https:\/\/siltasgridas.lv\/index.php\/tehnologijas\/energy-globe-vides-ilgtspejas-balva\/","og_site_name":"Silt\u0101s Gr\u012bdas","article_modified_time":"2023-12-23T11:25:14+00:00","twitter_card":"summary_large_image","schema":{"@context":"https:\/\/schema.org","@graph":[{"@type":"WebPage","@id":"https:\/\/siltasgridas.lv\/index.php\/tehnologijas\/energy-globe-vides-ilgtspejas-balva\/","url":"https:\/\/siltasgridas.lv\/index.php\/tehnologijas\/energy-globe-vides-ilgtspejas-balva\/","name":"Energy Globe vides ilgtsp\u0113jas balva - Silt\u0101s Gr\u012bdas","isPartOf":{"@id":"https:\/\/siltasgridas.lv\/#website"},"datePublished":"2023-12-23T11:25:13+00:00","dateModified":"2023-12-23T11:25:14+00:00","breadcrumb":{"@id":"https:\/\/siltasgridas.lv\/index.php\/tehnologijas\/energy-globe-vides-ilgtspejas-balva\/#breadcrumb"},"inLanguage":"en-US","potentialAction":[{"@type":"ReadAction","target":["https:\/\/siltasgridas.lv\/index.php\/tehnologijas\/energy-globe-vides-ilgtspejas-balva\/"]}]},{"@type":"BreadcrumbList","@id":"https:\/\/siltasgridas.lv\/index.php\/tehnologijas\/energy-globe-vides-ilgtspejas-balva\/#breadcrumb","itemListElement":[{"@type":"ListItem","position":1,"name":"Home","item":"https:\/\/siltasgridas.lv\/"},{"@type":"ListItem","position":2,"name":"Tehnolo\u0123ijas","item":"https:\/\/siltasgridas.lv\/index.php\/tehnologijas\/"},{"@type":"ListItem","position":3,"name":"Energy Globe vides ilgtsp\u0113jas balva"}]},{"@type":"WebSite","@id":"https:\/\/siltasgridas.lv\/#website","url":"https:\/\/siltasgridas.lv\/","name":"Silt\u0101s Gr\u012bdas","description":"","publisher":{"@id":"https:\/\/siltasgridas.lv\/#organization"},"potentialAction":[{"@type":"SearchAction","target":{"@type":"EntryPoint","urlTemplate":"https:\/\/siltasgridas.lv\/?s={search_term_string}"},"query-input":"required name=search_term_string"}],"inLanguage":"en-US"},{"@type":"Organization","@id":"https:\/\/siltasgridas.lv\/#organization","name":"Silt\u0101s Gr\u012bdas","url":"https:\/\/siltasgridas.lv\/","logo":{"@type":"ImageObject","inLanguage":"en-US","@id":"https:\/\/siltasgridas.lv\/#\/schema\/logo\/image\/","url":"http:\/\/siltasgridas.lv\/wp-content\/uploads\/2023\/11\/Siltas-gridas-logo_horizontal-1.svg","contentUrl":"http:\/\/siltasgridas.lv\/wp-content\/uploads\/2023\/11\/Siltas-gridas-logo_horizontal-1.svg","width":1,"height":1,"caption":"Silt\u0101s Gr\u012bdas"},"image":{"@id":"https:\/\/siltasgridas.lv\/#\/schema\/logo\/image\/"}}]}},"_links":{"self":[{"href":"https:\/\/siltasgridas.lv\/index.php\/wp-json\/wp\/v2\/pages\/284"}],"collection":[{"href":"https:\/\/siltasgridas.lv\/index.php\/wp-json\/wp\/v2\/pages"}],"about":[{"href":"https:\/\/siltasgridas.lv\/index.php\/wp-json\/wp\/v2\/types\/page"}],"author":[{"embeddable":true,"href":"https:\/\/siltasgridas.lv\/index.php\/wp-json\/wp\/v2\/users\/1"}],"replies":[{"embeddable":true,"href":"https:\/\/siltasgridas.lv\/index.php\/wp-json\/wp\/v2\/comments?post=284"}],"version-history":[{"count":2,"href":"https:\/\/siltasgridas.lv\/index.php\/wp-json\/wp\/v2\/pages\/284\/revisions"}],"predecessor-version":[{"id":286,"href":"https:\/\/siltasgridas.lv\/index.php\/wp-json\/wp\/v2\/pages\/284\/revisions\/286"}],"up":[{"embeddable":true,"href":"https:\/\/siltasgridas.lv\/index.php\/wp-json\/wp\/v2\/pages\/27"}],"wp:attachment":[{"href":"https:\/\/siltasgridas.lv\/index.php\/wp-json\/wp\/v2\/media?parent=284"}],"curies":[{"name":"wp","href":"https:\/\/api.w.org\/{rel}","templated":true}]}}