{"id":25,"date":"2023-11-20T13:11:08","date_gmt":"2023-11-20T13:11:08","guid":{"rendered":"http:\/\/siltasgridas.lv\/?page_id=25"},"modified":"2024-01-24T11:46:28","modified_gmt":"2024-01-24T11:46:28","slug":"kvalitate","status":"publish","type":"page","link":"https:\/\/siltasgridas.lv\/index.php\/kvalitate\/","title":{"rendered":"Kvalit\u0101te"},"content":{"rendered":"  <section class=\"section-hero\">\r\n    <div class=\"relative\">\r\n              <div class=\"image-container relative\">\r\n          <img decoding=\"async\" class=\"w-100 lazyload\" data-src=\"https:\/\/siltasgridas.lv\/wp-content\/uploads\/2023\/12\/header-picture.png\" alt=\"S\u0101kumatt\u0113ls\" src=\"data:image\/gif;base64,R0lGODlhAQABAAAAACH5BAEKAAEALAAAAAABAAEAAAICTAEAOw==\"><noscript><img decoding=\"async\" class=\"w-100\" src=\"https:\/\/siltasgridas.lv\/wp-content\/uploads\/2023\/12\/header-picture.png\" alt=\"S\u0101kumatt\u0113ls\"><\/noscript>\r\n          <div class=\"overlay\"><\/div>\r\n        <\/div>\r\n            <div class=\"content abs-c\">\r\n                  <h2>Kvalit\u0101te<\/h2>\r\n              <\/div>\r\n    <\/div>\r\n  <\/section>\r\n\n\n\r\n    \r\n    <div class=\"container editor content kvalitate post\">\r\n        \n\n<h3 class=\"wp-block-heading\">L\u012aMEN\u012a kvalit\u0101tes pras\u012bbas<\/h3>\n\n\n\n<p>Lai nodro\u0161in\u0101tu kvalitat\u012bvu betona klona gr\u012bdu un p\u0101rliecin\u0101tos, ka t\u0101 tie\u0161\u0101m ir L\u012aMEN\u012a, tiek veiktas divu veidu p\u0101rbaudes:<\/p>\n\n\n\n<ul class=\"wp-block-list\">\n<li>Estrich javas vai masas p\u0101rbaude;<\/li>\n\n\n\n<li>Saciet\u0113ju\u0161a Estrich kl\u0101juma p\u0101rbaude.<\/li>\n<\/ul>\n\n\n\n<p>S\u0101kotn\u0113j\u0101 p\u0101rbaude ir j\u0101veic, lai p\u0101rliecin\u0101tos par apstiprin\u0101taj\u0101m v\u0113rt\u012bb\u0101m vai p\u0101rliecin\u0101tos par produkta atbilst\u012bbu. Dr\u012bkst \u0146emt v\u0113r\u0101 ar\u012b p\u0101rbaudes, kas saska\u0146\u0101 ar normas noteikumiem ir veiktas agr\u0101k. Pirms ra\u017eo\u0161anas s\u0101k\u0161anas vai pirms jauna produkta ievie\u0161anas ir j\u0101veic atbilsto\u0161as s\u0101kotn\u0113j\u0101s p\u0101rbaudes, ar kuru pal\u012bdz\u012bbu var pier\u0101d\u012bt, ka gala produkts atbilst vis\u0101m normas pras\u012bb\u0101m un uzr\u0101d\u012bt\u0101s v\u0113rt\u012bbas ir pareizas. T\u0101pat s\u0101kotn\u0113j\u0101s p\u0101rbaudes oblig\u0101ti ir j\u0101veic ar\u012b ra\u017eo\u0161an\u0101 eso\u0161ajiem produktiem, ja ir veiktas izmai\u0146as izejvielu sast\u0101v\u0101 vai ra\u017eo\u0161anas proces\u0101. Veicot s\u0101kotn\u0113jo p\u0101rbaudi, ir j\u0101pier\u0101da ra\u017eot\u0101ja apstiprin\u0101t\u0101s v\u0113rt\u012bbas, un vis\u0101m v\u0113rt\u012bb\u0101m ir j\u0101atbilst rakstur\u012bgajiem lielumiem.<\/p>\n\n\n\n<p>DIN ir Deutsche Instituten for Normen \u2013 atz\u012bta iest\u0101de, kura izstr\u0101d\u0101jusi noteikumus celtniekiem, un parasti l\u012bgumos tiek iek\u013cauts punkts par kvalit\u0101tes v\u0113rt\u0113\u0161anu saska\u0146\u0101 ar DIN.<\/p>\n\n\n\n<figure class=\"wp-block-image size-full\"><img loading=\"lazy\" decoding=\"async\" width=\"2000\" height=\"1333\" data-src=\"http:\/\/siltasgridas.lv\/wp-content\/uploads\/2024\/01\/ivan-henao-2DK-CP_WAuw.webp\" alt=\"\" class=\"wp-image-382 lazyload\" src=\"data:image\/gif;base64,R0lGODlhAQABAAAAACH5BAEKAAEALAAAAAABAAEAAAICTAEAOw==\" style=\"--smush-placeholder-width: 2000px; --smush-placeholder-aspect-ratio: 2000\/1333;\" \/><noscript><img loading=\"lazy\" decoding=\"async\" width=\"2000\" height=\"1333\" src=\"http:\/\/siltasgridas.lv\/wp-content\/uploads\/2024\/01\/ivan-henao-2DK-CP_WAuw.webp\" alt=\"\" class=\"wp-image-382\"\/><\/noscript><\/figure>\n\n\n\n<figure class=\"wp-block-image size-full\"><img loading=\"lazy\" decoding=\"async\" width=\"1500\" height=\"920\" data-src=\"http:\/\/siltasgridas.lv\/wp-content\/uploads\/2024\/01\/ricardo-gomez-angel-jYNvXKTUYvs.webp\" alt=\"\" class=\"wp-image-383 lazyload\" src=\"data:image\/gif;base64,R0lGODlhAQABAAAAACH5BAEKAAEALAAAAAABAAEAAAICTAEAOw==\" style=\"--smush-placeholder-width: 1500px; --smush-placeholder-aspect-ratio: 1500\/920;\" \/><noscript><img loading=\"lazy\" decoding=\"async\" width=\"1500\" height=\"920\" src=\"http:\/\/siltasgridas.lv\/wp-content\/uploads\/2024\/01\/ricardo-gomez-angel-jYNvXKTUYvs.webp\" alt=\"\" class=\"wp-image-383\"\/><\/noscript><\/figure>\n\n\n\n<p>DIN ir Deutsche Instituten for Normen \u2013 atz\u012bta iest\u0101de, kura izstr\u0101d\u0101jusi noteikumus celtniekiem, un parasti l\u012bgumos tiek iek\u013cauts punkts par kvalit\u0101tes v\u0113rt\u0113\u0161anu saska\u0146\u0101 ar DIN.<\/p>\n\n\n\n<p>DIN normas cementa klonu iedala stipr\u012bbas klas\u0113s no C12 l\u012bdz C35 - cipari noz\u012bm\u0113 ar cik lielu sp\u0113ku (N\/mm\u00b2) cementa klons var tikt noslogots.<\/p>\n\n\n\n<p>Saciet\u0113ju\u0161a Estrich st\u0101vok\u013ca p\u0101rbaudei veic piem\u0113rot\u012bbas p\u0101rbaudi, lai pier\u0101d\u012btu, ka izmantotie b\u016bvmateri\u0101li izv\u0113l\u0113taj\u0101 savienojum\u0101 nodro\u0161ina vienu vai vair\u0101kas v\u0113lam\u0101s \u012bpa\u0161\u012bbas. Agr\u0101k piem\u0113rot\u012bbas p\u0101rbaude bija j\u0101veic visiem Estrich darbiem, bet m\u016bsdien\u0101s daudzviet tiek aizst\u0101ts ar s\u0101kotn\u0113jo p\u0101rbaudi.<\/p>\n\n\n\n<p>Tiek veikta ar\u012b apstiprin\u0101juma p\u0101rbaude, t\u0101 ir paredz\u0113ta, lai pier\u0101d\u012btu, ka izveidot\u0101 Estrich gr\u012bda atbilst veiktsp\u0113jas pras\u012bb\u0101m. Papildus stingr\u012bbai, bie\u017ei tiek p\u0101rbaud\u012bts ar\u012b biezums un nepiecie\u0161am\u012bbas gad\u012bjum\u0101 ar\u012b citas \u012bpa\u0161\u012bbas, piem\u0113ram notur\u012bba pret nodilumu.<\/p>\n\n\n\n<p>Gadu gait\u0101 L\u012aMEN\u012a vad\u012bt\u0101js ir uzkr\u0101jis bag\u0101tu pieredzi gr\u012bdu iekl\u0101\u0161anas jom\u0101, t\u0101p\u0113c labpr\u0101t ar t\u0101m dal\u0101s lekcij\u0101s un semin\u0101ros gan studentiem augstskol\u0101s, gan b\u016bvniec\u012bbas jomas speci\u0101listiem.<\/p>\n\n\n\n<hr class=\"wp-block-separator has-alpha-channel-opacity\"\/>\n\n\n            <a class=\"to-top js-to-top link\">Atpaka\u013c uz aug\u0161u &#8593;<\/a>\r\n      \n\r\n    <\/div>\r\n","protected":false},"excerpt":{"rendered":"","protected":false},"author":1,"featured_media":0,"parent":0,"menu_order":0,"comment_status":"closed","ping_status":"closed","template":"","meta":{"_acf_changed":false,"_monsterinsights_skip_tracking":false,"_monsterinsights_sitenote_active":false,"_monsterinsights_sitenote_note":"","_monsterinsights_sitenote_category":0,"footnotes":""},"class_list":["post-25","page","type-page","status-publish","hentry"],"acf":[],"yoast_head":"<!-- This site is optimized with the Yoast SEO plugin v22.7 - https:\/\/yoast.com\/wordpress\/plugins\/seo\/ -->\n<title>Kvalit\u0101te - Silt\u0101s Gr\u012bdas<\/title>\n<meta name=\"robots\" content=\"index, follow, max-snippet:-1, max-image-preview:large, max-video-preview:-1\" \/>\n<link rel=\"canonical\" href=\"https:\/\/siltasgridas.lv\/index.php\/kvalitate\/\" \/>\n<meta property=\"og:locale\" content=\"en_US\" \/>\n<meta property=\"og:type\" content=\"article\" \/>\n<meta property=\"og:title\" content=\"Kvalit\u0101te - Silt\u0101s Gr\u012bdas\" \/>\n<meta property=\"og:url\" content=\"https:\/\/siltasgridas.lv\/index.php\/kvalitate\/\" \/>\n<meta property=\"og:site_name\" content=\"Silt\u0101s Gr\u012bdas\" \/>\n<meta property=\"article:modified_time\" content=\"2024-01-24T11:46:28+00:00\" \/>\n<meta property=\"og:image\" content=\"http:\/\/siltasgridas.lv\/wp-content\/uploads\/2024\/01\/ivan-henao-2DK-CP_WAuw.webp\" \/>\n<meta name=\"twitter:card\" content=\"summary_large_image\" \/>\n<meta name=\"twitter:label1\" content=\"Est. reading time\" \/>\n\t<meta name=\"twitter:data1\" content=\"4 minutes\" \/>\n<script type=\"application\/ld+json\" class=\"yoast-schema-graph\">{\"@context\":\"https:\/\/schema.org\",\"@graph\":[{\"@type\":\"WebPage\",\"@id\":\"https:\/\/siltasgridas.lv\/index.php\/kvalitate\/\",\"url\":\"https:\/\/siltasgridas.lv\/index.php\/kvalitate\/\",\"name\":\"Kvalit\u0101te - Silt\u0101s Gr\u012bdas\",\"isPartOf\":{\"@id\":\"https:\/\/siltasgridas.lv\/#website\"},\"primaryImageOfPage\":{\"@id\":\"https:\/\/siltasgridas.lv\/index.php\/kvalitate\/#primaryimage\"},\"image\":{\"@id\":\"https:\/\/siltasgridas.lv\/index.php\/kvalitate\/#primaryimage\"},\"thumbnailUrl\":\"http:\/\/siltasgridas.lv\/wp-content\/uploads\/2024\/01\/ivan-henao-2DK-CP_WAuw.webp\",\"datePublished\":\"2023-11-20T13:11:08+00:00\",\"dateModified\":\"2024-01-24T11:46:28+00:00\",\"breadcrumb\":{\"@id\":\"https:\/\/siltasgridas.lv\/index.php\/kvalitate\/#breadcrumb\"},\"inLanguage\":\"en-US\",\"potentialAction\":[{\"@type\":\"ReadAction\",\"target\":[\"https:\/\/siltasgridas.lv\/index.php\/kvalitate\/\"]}]},{\"@type\":\"ImageObject\",\"inLanguage\":\"en-US\",\"@id\":\"https:\/\/siltasgridas.lv\/index.php\/kvalitate\/#primaryimage\",\"url\":\"https:\/\/siltasgridas.lv\/wp-content\/uploads\/2024\/01\/ivan-henao-2DK-CP_WAuw.webp\",\"contentUrl\":\"https:\/\/siltasgridas.lv\/wp-content\/uploads\/2024\/01\/ivan-henao-2DK-CP_WAuw.webp\",\"width\":2000,\"height\":1333},{\"@type\":\"BreadcrumbList\",\"@id\":\"https:\/\/siltasgridas.lv\/index.php\/kvalitate\/#breadcrumb\",\"itemListElement\":[{\"@type\":\"ListItem\",\"position\":1,\"name\":\"Home\",\"item\":\"https:\/\/siltasgridas.lv\/\"},{\"@type\":\"ListItem\",\"position\":2,\"name\":\"Kvalit\u0101te\"}]},{\"@type\":\"WebSite\",\"@id\":\"https:\/\/siltasgridas.lv\/#website\",\"url\":\"https:\/\/siltasgridas.lv\/\",\"name\":\"Silt\u0101s Gr\u012bdas\",\"description\":\"\",\"publisher\":{\"@id\":\"https:\/\/siltasgridas.lv\/#organization\"},\"potentialAction\":[{\"@type\":\"SearchAction\",\"target\":{\"@type\":\"EntryPoint\",\"urlTemplate\":\"https:\/\/siltasgridas.lv\/?s={search_term_string}\"},\"query-input\":\"required name=search_term_string\"}],\"inLanguage\":\"en-US\"},{\"@type\":\"Organization\",\"@id\":\"https:\/\/siltasgridas.lv\/#organization\",\"name\":\"Silt\u0101s Gr\u012bdas\",\"url\":\"https:\/\/siltasgridas.lv\/\",\"logo\":{\"@type\":\"ImageObject\",\"inLanguage\":\"en-US\",\"@id\":\"https:\/\/siltasgridas.lv\/#\/schema\/logo\/image\/\",\"url\":\"http:\/\/siltasgridas.lv\/wp-content\/uploads\/2023\/11\/Siltas-gridas-logo_horizontal-1.svg\",\"contentUrl\":\"http:\/\/siltasgridas.lv\/wp-content\/uploads\/2023\/11\/Siltas-gridas-logo_horizontal-1.svg\",\"width\":1,\"height\":1,\"caption\":\"Silt\u0101s Gr\u012bdas\"},\"image\":{\"@id\":\"https:\/\/siltasgridas.lv\/#\/schema\/logo\/image\/\"}}]}<\/script>\n<!-- \/ Yoast SEO plugin. -->","yoast_head_json":{"title":"Kvalit\u0101te - Silt\u0101s Gr\u012bdas","robots":{"index":"index","follow":"follow","max-snippet":"max-snippet:-1","max-image-preview":"max-image-preview:large","max-video-preview":"max-video-preview:-1"},"canonical":"https:\/\/siltasgridas.lv\/index.php\/kvalitate\/","og_locale":"en_US","og_type":"article","og_title":"Kvalit\u0101te - Silt\u0101s Gr\u012bdas","og_url":"https:\/\/siltasgridas.lv\/index.php\/kvalitate\/","og_site_name":"Silt\u0101s Gr\u012bdas","article_modified_time":"2024-01-24T11:46:28+00:00","og_image":[{"url":"http:\/\/siltasgridas.lv\/wp-content\/uploads\/2024\/01\/ivan-henao-2DK-CP_WAuw.webp"}],"twitter_card":"summary_large_image","twitter_misc":{"Est. reading time":"4 minutes"},"schema":{"@context":"https:\/\/schema.org","@graph":[{"@type":"WebPage","@id":"https:\/\/siltasgridas.lv\/index.php\/kvalitate\/","url":"https:\/\/siltasgridas.lv\/index.php\/kvalitate\/","name":"Kvalit\u0101te - Silt\u0101s Gr\u012bdas","isPartOf":{"@id":"https:\/\/siltasgridas.lv\/#website"},"primaryImageOfPage":{"@id":"https:\/\/siltasgridas.lv\/index.php\/kvalitate\/#primaryimage"},"image":{"@id":"https:\/\/siltasgridas.lv\/index.php\/kvalitate\/#primaryimage"},"thumbnailUrl":"http:\/\/siltasgridas.lv\/wp-content\/uploads\/2024\/01\/ivan-henao-2DK-CP_WAuw.webp","datePublished":"2023-11-20T13:11:08+00:00","dateModified":"2024-01-24T11:46:28+00:00","breadcrumb":{"@id":"https:\/\/siltasgridas.lv\/index.php\/kvalitate\/#breadcrumb"},"inLanguage":"en-US","potentialAction":[{"@type":"ReadAction","target":["https:\/\/siltasgridas.lv\/index.php\/kvalitate\/"]}]},{"@type":"ImageObject","inLanguage":"en-US","@id":"https:\/\/siltasgridas.lv\/index.php\/kvalitate\/#primaryimage","url":"https:\/\/siltasgridas.lv\/wp-content\/uploads\/2024\/01\/ivan-henao-2DK-CP_WAuw.webp","contentUrl":"https:\/\/siltasgridas.lv\/wp-content\/uploads\/2024\/01\/ivan-henao-2DK-CP_WAuw.webp","width":2000,"height":1333},{"@type":"BreadcrumbList","@id":"https:\/\/siltasgridas.lv\/index.php\/kvalitate\/#breadcrumb","itemListElement":[{"@type":"ListItem","position":1,"name":"Home","item":"https:\/\/siltasgridas.lv\/"},{"@type":"ListItem","position":2,"name":"Kvalit\u0101te"}]},{"@type":"WebSite","@id":"https:\/\/siltasgridas.lv\/#website","url":"https:\/\/siltasgridas.lv\/","name":"Silt\u0101s Gr\u012bdas","description":"","publisher":{"@id":"https:\/\/siltasgridas.lv\/#organization"},"potentialAction":[{"@type":"SearchAction","target":{"@type":"EntryPoint","urlTemplate":"https:\/\/siltasgridas.lv\/?s={search_term_string}"},"query-input":"required name=search_term_string"}],"inLanguage":"en-US"},{"@type":"Organization","@id":"https:\/\/siltasgridas.lv\/#organization","name":"Silt\u0101s Gr\u012bdas","url":"https:\/\/siltasgridas.lv\/","logo":{"@type":"ImageObject","inLanguage":"en-US","@id":"https:\/\/siltasgridas.lv\/#\/schema\/logo\/image\/","url":"http:\/\/siltasgridas.lv\/wp-content\/uploads\/2023\/11\/Siltas-gridas-logo_horizontal-1.svg","contentUrl":"http:\/\/siltasgridas.lv\/wp-content\/uploads\/2023\/11\/Siltas-gridas-logo_horizontal-1.svg","width":1,"height":1,"caption":"Silt\u0101s Gr\u012bdas"},"image":{"@id":"https:\/\/siltasgridas.lv\/#\/schema\/logo\/image\/"}}]}},"_links":{"self":[{"href":"https:\/\/siltasgridas.lv\/index.php\/wp-json\/wp\/v2\/pages\/25"}],"collection":[{"href":"https:\/\/siltasgridas.lv\/index.php\/wp-json\/wp\/v2\/pages"}],"about":[{"href":"https:\/\/siltasgridas.lv\/index.php\/wp-json\/wp\/v2\/types\/page"}],"author":[{"embeddable":true,"href":"https:\/\/siltasgridas.lv\/index.php\/wp-json\/wp\/v2\/users\/1"}],"replies":[{"embeddable":true,"href":"https:\/\/siltasgridas.lv\/index.php\/wp-json\/wp\/v2\/comments?post=25"}],"version-history":[{"count":15,"href":"https:\/\/siltasgridas.lv\/index.php\/wp-json\/wp\/v2\/pages\/25\/revisions"}],"predecessor-version":[{"id":384,"href":"https:\/\/siltasgridas.lv\/index.php\/wp-json\/wp\/v2\/pages\/25\/revisions\/384"}],"wp:attachment":[{"href":"https:\/\/siltasgridas.lv\/index.php\/wp-json\/wp\/v2\/media?parent=25"}],"curies":[{"name":"wp","href":"https:\/\/api.w.org\/{rel}","templated":true}]}}